{"id":1412,"date":"2023-04-11T12:51:32","date_gmt":"2023-04-11T10:51:32","guid":{"rendered":"https:\/\/boutiquegimagi.com\/amalfi\/"},"modified":"2025-06-10T10:40:00","modified_gmt":"2025-06-10T08:40:00","slug":"amalfi","status":"publish","type":"page","link":"https:\/\/boutiquegimagi.com\/it\/amalfi\/","title":{"rendered":"Amalfi"},"content":{"rendered":"\t\t<div data-elementor-type=\"wp-page\" data-elementor-id=\"1412\" class=\"elementor elementor-1412 elementor-6\">\n\t\t\t\t\t\t<section class=\"elementor-section elementor-top-section elementor-element elementor-element-218c66e7 elementor-section-full_width elementor-section-height-default elementor-section-height-default\" data-id=\"218c66e7\" data-element_type=\"section\">\n\t\t\t\t\t\t<div class=\"elementor-container elementor-column-gap-no\">\n\t\t\t\t\t<div class=\"elementor-column elementor-col-100 elementor-top-column elementor-element elementor-element-63b678c8\" data-id=\"63b678c8\" data-element_type=\"column\">\n\t\t\t<div class=\"elementor-widget-wrap elementor-element-populated\">\n\t\t\t\t\t\t<div class=\"elementor-element elementor-element-37a0584 elementor-widget elementor-widget-heading\" data-id=\"37a0584\" data-element_type=\"widget\" data-widget_type=\"heading.default\">\n\t\t\t\t<div class=\"elementor-widget-container\">\n\t\t\t\t\t<h2 class=\"elementor-heading-title elementor-size-default\">Amalfi \u00e8 una delle destinazioni pi\u00f9 popolari per i turisti di tutto il mondo.<\/h2>\t\t\t\t<\/div>\n\t\t\t\t<\/div>\n\t\t\t\t<div class=\"elementor-element elementor-element-6ee7f62a elementor-widget elementor-widget-text-editor\" data-id=\"6ee7f62a\" data-element_type=\"widget\" data-widget_type=\"text-editor.default\">\n\t\t\t\t<div class=\"elementor-widget-container\">\n\t\t\t\t\t\t\t\t\t<p>Ogni anno migliaia di visitatori vengono a scoprire la sua bellezza e ne rimangono incantati. Il panorama unico della Costiera Amalfitana e le sue attrazioni rendono imperdibile un soggiorno ad Amalfi. Se siete nostri ospiti, vi aiuteremo a scoprire tutte le meraviglie della nostra citt\u00e0.  <\/p>\t\t\t\t\t\t\t\t<\/div>\n\t\t\t\t<\/div>\n\t\t\t\t<div class=\"elementor-element elementor-element-7e21baff elementor-widget elementor-widget-heading\" data-id=\"7e21baff\" data-element_type=\"widget\" data-widget_type=\"heading.default\">\n\t\t\t\t<div class=\"elementor-widget-container\">\n\t\t\t\t\t<h2 class=\"elementor-heading-title elementor-size-default\">Attrazioni da non perdere ad Amalfi<\/h2>\t\t\t\t<\/div>\n\t\t\t\t<\/div>\n\t\t\t\t<div class=\"elementor-element elementor-element-19bab1a6 elementor-widget elementor-widget-text-editor\" data-id=\"19bab1a6\" data-element_type=\"widget\" data-widget_type=\"text-editor.default\">\n\t\t\t\t<div class=\"elementor-widget-container\">\n\t\t\t\t\t\t\t\t\t<p>Ad Amalfi \u00e8 d&#8217;obbligo una visita al Duomo, la cui costruzione inizi\u00f2 nel IX secolo e che ospita le reliquie di Sant&#8217;Andrea Apostolo. Dall&#8217;alto di una maestosa scalinata, il Duomo di Amalfi domina la piazza principale della citt\u00e0. All&#8217;interno, sarete accolti da alti soffitti a cassettoni decorati da artisti della scuola napoletana e da una statua d&#8217;argento del santo. Nella stessa zona del Duomo, non perdete la Basilica del Crocifisso, dove \u00e8 esposto il tesoro della cattedrale, e l&#8217;incantevole Chiostro del Paradiso, ultima dimora dei dignitari di Amalfi.   <\/p><p>Tracce del passato della Repubblica Marinara sono ancora presenti nei vicoli e nelle stradine di Amalfi, ma la testimonianza pi\u00f9 importante resta l&#8217;Antico Arsenale, oggi trasformato in museo e sede di mostre ed eventi culturali. Splendide sono la volta a crociera e l&#8217;architettura, rimaste immutate dal Medioevo. <\/p><p>La natura \u00e8 stata generosa con gli amalfitani e ha regalato a questa terra anche un&#8217;altra meraviglia da non perdere: la Grotta dello Smeraldo. Si tratta di una grotta naturale situata a pochi chilometri dal centro di Amalfi, in localit\u00e0 Capo di Conca. Offre uno spettacolo di acque cristalline con sorprendenti riflessi smeraldini. Da non perdere le formazioni calcaree che ricordano animali e persone. Sul fondo si trova un presepe in ceramica di Vietri che ogni Natale accoglie la nascita di Ges\u00f9.    <\/p>\t\t\t\t\t\t\t\t<\/div>\n\t\t\t\t<\/div>\n\t\t\t\t<div class=\"elementor-element elementor-element-12956ce elementor-widget elementor-widget-image-gallery\" data-id=\"12956ce\" data-element_type=\"widget\" data-widget_type=\"image-gallery.default\">\n\t\t\t\t<div class=\"elementor-widget-container\">\n\t\t\t\t\t\t\t<div class=\"elementor-image-gallery\">\n\t\t\t<div id='gallery-1' class='gallery galleryid-1412 gallery-columns-3 gallery-size-thumbnail'><figure class='gallery-item'>\n\t\t\t<div class='gallery-icon landscape'>\n\t\t\t\t<a data-elementor-open-lightbox=\"yes\" data-elementor-lightbox-slideshow=\"12956ce\" data-elementor-lightbox-title=\"residenza-luce-details_152\" data-e-action-hash=\"#elementor-action%3Aaction%3Dlightbox%26settings%3DeyJpZCI6MTM3OSwidXJsIjoiaHR0cHM6XC9cL2JvdXRpcXVlZ2ltYWdpLmNvbVwvd3AtY29udGVudFwvdXBsb2Fkc1wvMjAyNVwvMDVcL3Jlc2lkZW56YS1sdWNlLWRldGFpbHNfMTUyLmpwZyIsInNsaWRlc2hvdyI6IjEyOTU2Y2UifQ%3D%3D\" href='https:\/\/boutiquegimagi.com\/wp-content\/uploads\/2025\/05\/residenza-luce-details_152.jpg'><img decoding=\"async\" width=\"150\" height=\"150\" src=\"https:\/\/boutiquegimagi.com\/wp-content\/uploads\/2025\/05\/residenza-luce-details_152-150x150.jpg\" class=\"attachment-thumbnail size-thumbnail\" alt=\"\" srcset=\"https:\/\/boutiquegimagi.com\/wp-content\/uploads\/2025\/05\/residenza-luce-details_152-150x150.jpg 150w, https:\/\/boutiquegimagi.com\/wp-content\/uploads\/2025\/05\/residenza-luce-details_152-510x510.jpg 510w, https:\/\/boutiquegimagi.com\/wp-content\/uploads\/2025\/05\/residenza-luce-details_152-160x160.jpg 160w\" sizes=\"(max-width: 150px) 100vw, 150px\" \/><\/a>\n\t\t\t<\/div><\/figure><figure class='gallery-item'>\n\t\t\t<div class='gallery-icon landscape'>\n\t\t\t\t<a data-elementor-open-lightbox=\"yes\" data-elementor-lightbox-slideshow=\"12956ce\" data-elementor-lightbox-title=\"residenza luce details_159\" data-e-action-hash=\"#elementor-action%3Aaction%3Dlightbox%26settings%3DeyJpZCI6MTM4MSwidXJsIjoiaHR0cHM6XC9cL2JvdXRpcXVlZ2ltYWdpLmNvbVwvd3AtY29udGVudFwvdXBsb2Fkc1wvMjAyNVwvMDVcL3Jlc2lkZW56YS1sdWNlLWRldGFpbHNfMTU5LndlYnAiLCJzbGlkZXNob3ciOiIxMjk1NmNlIn0%3D\" href='https:\/\/boutiquegimagi.com\/wp-content\/uploads\/2025\/05\/residenza-luce-details_159.webp'><img decoding=\"async\" width=\"150\" height=\"150\" src=\"https:\/\/boutiquegimagi.com\/wp-content\/uploads\/2025\/05\/residenza-luce-details_159-150x150.webp\" class=\"attachment-thumbnail size-thumbnail\" alt=\"\" srcset=\"https:\/\/boutiquegimagi.com\/wp-content\/uploads\/2025\/05\/residenza-luce-details_159-150x150.webp 150w, https:\/\/boutiquegimagi.com\/wp-content\/uploads\/2025\/05\/residenza-luce-details_159-510x510.webp 510w, https:\/\/boutiquegimagi.com\/wp-content\/uploads\/2025\/05\/residenza-luce-details_159-160x160.webp 160w\" sizes=\"(max-width: 150px) 100vw, 150px\" \/><\/a>\n\t\t\t<\/div><\/figure><figure class='gallery-item'>\n\t\t\t<div class='gallery-icon landscape'>\n\t\t\t\t<a data-elementor-open-lightbox=\"yes\" data-elementor-lightbox-slideshow=\"12956ce\" data-elementor-lightbox-title=\"residenza luce details_160\" data-e-action-hash=\"#elementor-action%3Aaction%3Dlightbox%26settings%3DeyJpZCI6MTM4MywidXJsIjoiaHR0cHM6XC9cL2JvdXRpcXVlZ2ltYWdpLmNvbVwvd3AtY29udGVudFwvdXBsb2Fkc1wvMjAyNVwvMDVcL3Jlc2lkZW56YS1sdWNlLWRldGFpbHNfMTYwLndlYnAiLCJzbGlkZXNob3ciOiIxMjk1NmNlIn0%3D\" href='https:\/\/boutiquegimagi.com\/wp-content\/uploads\/2025\/05\/residenza-luce-details_160.webp'><img decoding=\"async\" width=\"150\" height=\"150\" src=\"https:\/\/boutiquegimagi.com\/wp-content\/uploads\/2025\/05\/residenza-luce-details_160-150x150.webp\" class=\"attachment-thumbnail size-thumbnail\" alt=\"\" srcset=\"https:\/\/boutiquegimagi.com\/wp-content\/uploads\/2025\/05\/residenza-luce-details_160-150x150.webp 150w, https:\/\/boutiquegimagi.com\/wp-content\/uploads\/2025\/05\/residenza-luce-details_160-510x510.webp 510w, https:\/\/boutiquegimagi.com\/wp-content\/uploads\/2025\/05\/residenza-luce-details_160-160x160.webp 160w\" sizes=\"(max-width: 150px) 100vw, 150px\" \/><\/a>\n\t\t\t<\/div><\/figure>\n\t\t<\/div>\n\t\t<\/div>\n\t\t\t\t\t\t<\/div>\n\t\t\t\t<\/div>\n\t\t\t\t<div class=\"elementor-element elementor-element-b84b6f0 elementor-widget elementor-widget-spacer\" data-id=\"b84b6f0\" data-element_type=\"widget\" data-widget_type=\"spacer.default\">\n\t\t\t\t<div class=\"elementor-widget-container\">\n\t\t\t\t\t\t\t<div class=\"elementor-spacer\">\n\t\t\t<div class=\"elementor-spacer-inner\"><\/div>\n\t\t<\/div>\n\t\t\t\t\t\t<\/div>\n\t\t\t\t<\/div>\n\t\t\t\t<div class=\"elementor-element elementor-element-1eea8b1 elementor-widget elementor-widget-heading\" data-id=\"1eea8b1\" data-element_type=\"widget\" data-widget_type=\"heading.default\">\n\t\t\t\t<div class=\"elementor-widget-container\">\n\t\t\t\t\t<h2 class=\"elementor-heading-title elementor-size-default\">Gastronomia<\/h2>\t\t\t\t<\/div>\n\t\t\t\t<\/div>\n\t\t\t\t<div class=\"elementor-element elementor-element-0bc0658 elementor-widget elementor-widget-text-editor\" data-id=\"0bc0658\" data-element_type=\"widget\" data-widget_type=\"text-editor.default\">\n\t\t\t\t<div class=\"elementor-widget-container\">\n\t\t\t\t\t\t\t\t\t<p>Amalfi \u00e8 famosa anche per la sua cucina di alta qualit\u00e0. Qui si possono gustare autentici piatti della tradizione campana e locale, preparati ancora secondo le ricette delle nostre madri.<br>La nostra cucina \u00e8 uno dei fiori all&#8217;occhiello della zona, grazie alla qualit\u00e0 dei prodotti locali come la mozzarella di Agerola e Tramonti, gli ortaggi coltivati negli orti scavati nella roccia e il vino DOC.<br>Per provare la cucina del nostro territorio, vi consigliamo il Ristorante L&#8217;Abside, a pochi passi dal nostro B&amp;B. Da non perdere la parmigiana di melanzane preparata secondo una ricetta di famiglia o i piatti di pesce.  <\/p>\t\t\t\t\t\t\t\t<\/div>\n\t\t\t\t<\/div>\n\t\t\t\t<div class=\"elementor-element elementor-element-f427fff elementor-widget elementor-widget-spacer\" data-id=\"f427fff\" data-element_type=\"widget\" data-widget_type=\"spacer.default\">\n\t\t\t\t<div class=\"elementor-widget-container\">\n\t\t\t\t\t\t\t<div class=\"elementor-spacer\">\n\t\t\t<div class=\"elementor-spacer-inner\"><\/div>\n\t\t<\/div>\n\t\t\t\t\t\t<\/div>\n\t\t\t\t<\/div>\n\t\t\t\t\t<\/div>\n\t\t<\/div>\n\t\t\t\t\t<\/div>\n\t\t<\/section>\n\t\t\t\t<\/div>\n\t\t","protected":false},"excerpt":{"rendered":"<p>Amalfi \u00e8 una delle destinazioni pi\u00f9 popolari per i turisti di tutto il mondo. Ogni anno migliaia di visitatori vengono a scoprire la sua bellezza e ne rimangono incantati. Il panorama unico della Costiera Amalfitana [&hellip;]<\/p>\n","protected":false},"author":1,"featured_media":0,"parent":0,"menu_order":0,"comment_status":"closed","ping_status":"closed","template":"templates\/template-fullwidth-narrow.php","meta":{"footnotes":""},"class_list":["post-1412","page","type-page","status-publish","hentry"],"yoast_head":"<!-- This site is optimized with the Yoast SEO plugin v27.4 - https:\/\/yoast.com\/product\/yoast-seo-wordpress\/ -->\n<title>Amalfi - Boutique Hotel Gimag\u00ec Amalfi<\/title>\n<meta name=\"robots\" content=\"index, follow, max-snippet:-1, max-image-preview:large, max-video-preview:-1\" \/>\n<link rel=\"canonical\" href=\"https:\/\/boutiquegimagi.com\/it\/amalfi\/\" \/>\n<meta property=\"og:locale\" content=\"it_IT\" \/>\n<meta property=\"og:type\" content=\"article\" \/>\n<meta property=\"og:title\" content=\"Amalfi - Boutique Hotel Gimag\u00ec Amalfi\" \/>\n<meta property=\"og:description\" content=\"Amalfi \u00e8 una delle destinazioni pi\u00f9 popolari per i turisti di tutto il mondo. Ogni anno migliaia di visitatori vengono a scoprire la sua bellezza e ne rimangono incantati. Il panorama unico della Costiera Amalfitana [&hellip;]\" \/>\n<meta property=\"og:url\" content=\"https:\/\/boutiquegimagi.com\/it\/amalfi\/\" \/>\n<meta property=\"og:site_name\" content=\"Boutique Hotel Gimag\u00ec Amalfi\" \/>\n<meta property=\"article:modified_time\" content=\"2025-06-10T08:40:00+00:00\" \/>\n<meta property=\"og:image\" content=\"https:\/\/boutiquegimagi.com\/wp-content\/uploads\/2025\/05\/residenza-luce-details_152-150x150.jpg\" \/>\n<meta name=\"twitter:card\" content=\"summary_large_image\" \/>\n<meta name=\"twitter:label1\" content=\"Tempo di lettura stimato\" \/>\n\t<meta name=\"twitter:data1\" content=\"2 minuti\" \/>\n<script type=\"application\/ld+json\" class=\"yoast-schema-graph\">{\"@context\":\"https:\\\/\\\/schema.org\",\"@graph\":[{\"@type\":\"WebPage\",\"@id\":\"https:\\\/\\\/boutiquegimagi.com\\\/it\\\/amalfi\\\/\",\"url\":\"https:\\\/\\\/boutiquegimagi.com\\\/it\\\/amalfi\\\/\",\"name\":\"Amalfi - Boutique Hotel Gimag\u00ec Amalfi\",\"isPartOf\":{\"@id\":\"https:\\\/\\\/boutiquegimagi.com\\\/it\\\/#website\"},\"primaryImageOfPage\":{\"@id\":\"https:\\\/\\\/boutiquegimagi.com\\\/it\\\/amalfi\\\/#primaryimage\"},\"image\":{\"@id\":\"https:\\\/\\\/boutiquegimagi.com\\\/it\\\/amalfi\\\/#primaryimage\"},\"thumbnailUrl\":\"https:\\\/\\\/boutiquegimagi.com\\\/wp-content\\\/uploads\\\/2025\\\/05\\\/residenza-luce-details_152-150x150.jpg\",\"datePublished\":\"2023-04-11T10:51:32+00:00\",\"dateModified\":\"2025-06-10T08:40:00+00:00\",\"breadcrumb\":{\"@id\":\"https:\\\/\\\/boutiquegimagi.com\\\/it\\\/amalfi\\\/#breadcrumb\"},\"inLanguage\":\"it-IT\",\"potentialAction\":[{\"@type\":\"ReadAction\",\"target\":[\"https:\\\/\\\/boutiquegimagi.com\\\/it\\\/amalfi\\\/\"]}]},{\"@type\":\"ImageObject\",\"inLanguage\":\"it-IT\",\"@id\":\"https:\\\/\\\/boutiquegimagi.com\\\/it\\\/amalfi\\\/#primaryimage\",\"url\":\"https:\\\/\\\/boutiquegimagi.com\\\/wp-content\\\/uploads\\\/2025\\\/05\\\/residenza-luce-details_152-150x150.jpg\",\"contentUrl\":\"https:\\\/\\\/boutiquegimagi.com\\\/wp-content\\\/uploads\\\/2025\\\/05\\\/residenza-luce-details_152-150x150.jpg\"},{\"@type\":\"BreadcrumbList\",\"@id\":\"https:\\\/\\\/boutiquegimagi.com\\\/it\\\/amalfi\\\/#breadcrumb\",\"itemListElement\":[{\"@type\":\"ListItem\",\"position\":1,\"name\":\"Home\",\"item\":\"https:\\\/\\\/boutiquegimagi.com\\\/it\\\/home-en\\\/\"},{\"@type\":\"ListItem\",\"position\":2,\"name\":\"Amalfi\"}]},{\"@type\":\"WebSite\",\"@id\":\"https:\\\/\\\/boutiquegimagi.com\\\/it\\\/#website\",\"url\":\"https:\\\/\\\/boutiquegimagi.com\\\/it\\\/\",\"name\":\"Boutique Hotel Gimag\u00ec Amalfi\",\"description\":\"\",\"publisher\":{\"@id\":\"https:\\\/\\\/boutiquegimagi.com\\\/it\\\/#organization\"},\"potentialAction\":[{\"@type\":\"SearchAction\",\"target\":{\"@type\":\"EntryPoint\",\"urlTemplate\":\"https:\\\/\\\/boutiquegimagi.com\\\/it\\\/?s={search_term_string}\"},\"query-input\":{\"@type\":\"PropertyValueSpecification\",\"valueRequired\":true,\"valueName\":\"search_term_string\"}}],\"inLanguage\":\"it-IT\"},{\"@type\":\"Organization\",\"@id\":\"https:\\\/\\\/boutiquegimagi.com\\\/it\\\/#organization\",\"name\":\"Boutique Hotel Gimag\u00ec Amalfi\",\"url\":\"https:\\\/\\\/boutiquegimagi.com\\\/it\\\/\",\"logo\":{\"@type\":\"ImageObject\",\"inLanguage\":\"it-IT\",\"@id\":\"https:\\\/\\\/boutiquegimagi.com\\\/it\\\/#\\\/schema\\\/logo\\\/image\\\/\",\"url\":\"https:\\\/\\\/boutiquegimagi.com\\\/wp-content\\\/uploads\\\/2025\\\/05\\\/boutique-gimagi-logo-web.webp\",\"contentUrl\":\"https:\\\/\\\/boutiquegimagi.com\\\/wp-content\\\/uploads\\\/2025\\\/05\\\/boutique-gimagi-logo-web.webp\",\"width\":680,\"height\":420,\"caption\":\"Boutique Hotel Gimag\u00ec Amalfi\"},\"image\":{\"@id\":\"https:\\\/\\\/boutiquegimagi.com\\\/it\\\/#\\\/schema\\\/logo\\\/image\\\/\"}}]}<\/script>\n<!-- \/ Yoast SEO plugin. -->","yoast_head_json":{"title":"Amalfi - Boutique Hotel Gimag\u00ec Amalfi","robots":{"index":"index","follow":"follow","max-snippet":"max-snippet:-1","max-image-preview":"max-image-preview:large","max-video-preview":"max-video-preview:-1"},"canonical":"https:\/\/boutiquegimagi.com\/it\/amalfi\/","og_locale":"it_IT","og_type":"article","og_title":"Amalfi - Boutique Hotel Gimag\u00ec Amalfi","og_description":"Amalfi \u00e8 una delle destinazioni pi\u00f9 popolari per i turisti di tutto il mondo. Ogni anno migliaia di visitatori vengono a scoprire la sua bellezza e ne rimangono incantati. Il panorama unico della Costiera Amalfitana [&hellip;]","og_url":"https:\/\/boutiquegimagi.com\/it\/amalfi\/","og_site_name":"Boutique Hotel Gimag\u00ec Amalfi","article_modified_time":"2025-06-10T08:40:00+00:00","og_image":[{"url":"https:\/\/boutiquegimagi.com\/wp-content\/uploads\/2025\/05\/residenza-luce-details_152-150x150.jpg","type":"","width":"","height":""}],"twitter_card":"summary_large_image","twitter_misc":{"Tempo di lettura stimato":"2 minuti"},"schema":{"@context":"https:\/\/schema.org","@graph":[{"@type":"WebPage","@id":"https:\/\/boutiquegimagi.com\/it\/amalfi\/","url":"https:\/\/boutiquegimagi.com\/it\/amalfi\/","name":"Amalfi - Boutique Hotel Gimag\u00ec Amalfi","isPartOf":{"@id":"https:\/\/boutiquegimagi.com\/it\/#website"},"primaryImageOfPage":{"@id":"https:\/\/boutiquegimagi.com\/it\/amalfi\/#primaryimage"},"image":{"@id":"https:\/\/boutiquegimagi.com\/it\/amalfi\/#primaryimage"},"thumbnailUrl":"https:\/\/boutiquegimagi.com\/wp-content\/uploads\/2025\/05\/residenza-luce-details_152-150x150.jpg","datePublished":"2023-04-11T10:51:32+00:00","dateModified":"2025-06-10T08:40:00+00:00","breadcrumb":{"@id":"https:\/\/boutiquegimagi.com\/it\/amalfi\/#breadcrumb"},"inLanguage":"it-IT","potentialAction":[{"@type":"ReadAction","target":["https:\/\/boutiquegimagi.com\/it\/amalfi\/"]}]},{"@type":"ImageObject","inLanguage":"it-IT","@id":"https:\/\/boutiquegimagi.com\/it\/amalfi\/#primaryimage","url":"https:\/\/boutiquegimagi.com\/wp-content\/uploads\/2025\/05\/residenza-luce-details_152-150x150.jpg","contentUrl":"https:\/\/boutiquegimagi.com\/wp-content\/uploads\/2025\/05\/residenza-luce-details_152-150x150.jpg"},{"@type":"BreadcrumbList","@id":"https:\/\/boutiquegimagi.com\/it\/amalfi\/#breadcrumb","itemListElement":[{"@type":"ListItem","position":1,"name":"Home","item":"https:\/\/boutiquegimagi.com\/it\/home-en\/"},{"@type":"ListItem","position":2,"name":"Amalfi"}]},{"@type":"WebSite","@id":"https:\/\/boutiquegimagi.com\/it\/#website","url":"https:\/\/boutiquegimagi.com\/it\/","name":"Boutique Hotel Gimag\u00ec Amalfi","description":"","publisher":{"@id":"https:\/\/boutiquegimagi.com\/it\/#organization"},"potentialAction":[{"@type":"SearchAction","target":{"@type":"EntryPoint","urlTemplate":"https:\/\/boutiquegimagi.com\/it\/?s={search_term_string}"},"query-input":{"@type":"PropertyValueSpecification","valueRequired":true,"valueName":"search_term_string"}}],"inLanguage":"it-IT"},{"@type":"Organization","@id":"https:\/\/boutiquegimagi.com\/it\/#organization","name":"Boutique Hotel Gimag\u00ec Amalfi","url":"https:\/\/boutiquegimagi.com\/it\/","logo":{"@type":"ImageObject","inLanguage":"it-IT","@id":"https:\/\/boutiquegimagi.com\/it\/#\/schema\/logo\/image\/","url":"https:\/\/boutiquegimagi.com\/wp-content\/uploads\/2025\/05\/boutique-gimagi-logo-web.webp","contentUrl":"https:\/\/boutiquegimagi.com\/wp-content\/uploads\/2025\/05\/boutique-gimagi-logo-web.webp","width":680,"height":420,"caption":"Boutique Hotel Gimag\u00ec Amalfi"},"image":{"@id":"https:\/\/boutiquegimagi.com\/it\/#\/schema\/logo\/image\/"}}]}},"_links":{"self":[{"href":"https:\/\/boutiquegimagi.com\/it\/wp-json\/wp\/v2\/pages\/1412","targetHints":{"allow":["GET"]}}],"collection":[{"href":"https:\/\/boutiquegimagi.com\/it\/wp-json\/wp\/v2\/pages"}],"about":[{"href":"https:\/\/boutiquegimagi.com\/it\/wp-json\/wp\/v2\/types\/page"}],"author":[{"embeddable":true,"href":"https:\/\/boutiquegimagi.com\/it\/wp-json\/wp\/v2\/users\/1"}],"replies":[{"embeddable":true,"href":"https:\/\/boutiquegimagi.com\/it\/wp-json\/wp\/v2\/comments?post=1412"}],"version-history":[{"count":1,"href":"https:\/\/boutiquegimagi.com\/it\/wp-json\/wp\/v2\/pages\/1412\/revisions"}],"predecessor-version":[{"id":1413,"href":"https:\/\/boutiquegimagi.com\/it\/wp-json\/wp\/v2\/pages\/1412\/revisions\/1413"}],"wp:attachment":[{"href":"https:\/\/boutiquegimagi.com\/it\/wp-json\/wp\/v2\/media?parent=1412"}],"curies":[{"name":"wp","href":"https:\/\/api.w.org\/{rel}","templated":true}]}}