{"id":1404,"date":"2023-04-11T13:01:18","date_gmt":"2023-04-11T11:01:18","guid":{"rendered":"https:\/\/boutiquegimagi.com\/camere-suites\/"},"modified":"2025-06-10T11:32:43","modified_gmt":"2025-06-10T09:32:43","slug":"camere-suites","status":"publish","type":"page","link":"https:\/\/boutiquegimagi.com\/it\/camere-suites\/","title":{"rendered":"Camere &amp; Suites"},"content":{"rendered":"\t\t<div data-elementor-type=\"wp-page\" data-elementor-id=\"1404\" class=\"elementor elementor-1404 elementor-16\">\n\t\t\t\t\t\t<section class=\"elementor-section elementor-top-section elementor-element elementor-element-7bf74cb elementor-section-full_width elementor-section-height-default elementor-section-height-default\" data-id=\"7bf74cb\" data-element_type=\"section\">\n\t\t\t\t\t\t<div class=\"elementor-container elementor-column-gap-no\">\n\t\t\t\t\t<div class=\"elementor-column elementor-col-100 elementor-top-column elementor-element elementor-element-aaff0ea\" data-id=\"aaff0ea\" data-element_type=\"column\">\n\t\t\t<div class=\"elementor-widget-wrap elementor-element-populated\">\n\t\t\t\t\t\t<div class=\"elementor-element elementor-element-a15678a elementor-widget elementor-widget-spacer\" data-id=\"a15678a\" data-element_type=\"widget\" data-widget_type=\"spacer.default\">\n\t\t\t\t<div class=\"elementor-widget-container\">\n\t\t\t\t\t\t\t<div class=\"elementor-spacer\">\n\t\t\t<div class=\"elementor-spacer-inner\"><\/div>\n\t\t<\/div>\n\t\t\t\t\t\t<\/div>\n\t\t\t\t<\/div>\n\t\t\t\t<div class=\"elementor-element elementor-element-ae1d0d8 elementor-widget__width-initial elementor-widget elementor-widget-text-editor\" data-id=\"ae1d0d8\" data-element_type=\"widget\" data-widget_type=\"text-editor.default\">\n\t\t\t\t<div class=\"elementor-widget-container\">\n\t\t\t\t\t\t\t\t\t<p><strong>Boutique Gimagi<\/strong> dispone di camere accoglienti e perfettamente arredate. Le suite sono pi\u00f9 spaziose e, oltre alla zona notte, offrono un comodo soggiorno. La colazione, servita sulla terrazza panoramica, \u00e8 inclusa nel prezzo della camera.<\/p>\t\t\t\t\t\t\t\t<\/div>\n\t\t\t\t<\/div>\n\t\t\t\t<div class=\"elementor-element elementor-element-7f2d2fd elementor-widget elementor-widget-spacer\" data-id=\"7f2d2fd\" data-element_type=\"widget\" data-widget_type=\"spacer.default\">\n\t\t\t\t<div class=\"elementor-widget-container\">\n\t\t\t\t\t\t\t<div class=\"elementor-spacer\">\n\t\t\t<div class=\"elementor-spacer-inner\"><\/div>\n\t\t<\/div>\n\t\t\t\t\t\t<\/div>\n\t\t\t\t<\/div>\n\t\t\t\t<div class=\"elementor-element elementor-element-a0b94d2 elementor-widget elementor-widget-heading\" data-id=\"a0b94d2\" data-element_type=\"widget\" data-widget_type=\"heading.default\">\n\t\t\t\t<div class=\"elementor-widget-container\">\n\t\t\t\t\t<p class=\"elementor-heading-title elementor-size-default\">lusso e raffinatezza<\/p>\t\t\t\t<\/div>\n\t\t\t\t<\/div>\n\t\t\t\t<div class=\"elementor-element elementor-element-551593e elementor-widget elementor-widget-spacer\" data-id=\"551593e\" data-element_type=\"widget\" data-widget_type=\"spacer.default\">\n\t\t\t\t<div class=\"elementor-widget-container\">\n\t\t\t\t\t\t\t<div class=\"elementor-spacer\">\n\t\t\t<div class=\"elementor-spacer-inner\"><\/div>\n\t\t<\/div>\n\t\t\t\t\t\t<\/div>\n\t\t\t\t<\/div>\n\t\t\t\t<div class=\"elementor-element elementor-element-e512957 elementor-widget elementor-widget-heading\" data-id=\"e512957\" data-element_type=\"widget\" data-widget_type=\"heading.default\">\n\t\t\t\t<div class=\"elementor-widget-container\">\n\t\t\t\t\t<h1 class=\"elementor-heading-title elementor-size-default\">le nostre Suites &amp; Camere<\/h1>\t\t\t\t<\/div>\n\t\t\t\t<\/div>\n\t\t\t\t<div class=\"elementor-element elementor-element-4fc9e13 elementor-widget-divider--view-line elementor-widget elementor-widget-divider\" data-id=\"4fc9e13\" data-element_type=\"widget\" data-widget_type=\"divider.default\">\n\t\t\t\t<div class=\"elementor-widget-container\">\n\t\t\t\t\t\t\t<div class=\"elementor-divider\">\n\t\t\t<span class=\"elementor-divider-separator\">\n\t\t\t\t\t\t<\/span>\n\t\t<\/div>\n\t\t\t\t\t\t<\/div>\n\t\t\t\t<\/div>\n\t\t\t\t<div class=\"elementor-element elementor-element-82ae078 elementor-widget elementor-widget-spacer\" data-id=\"82ae078\" data-element_type=\"widget\" data-widget_type=\"spacer.default\">\n\t\t\t\t<div class=\"elementor-widget-container\">\n\t\t\t\t\t\t\t<div class=\"elementor-spacer\">\n\t\t\t<div class=\"elementor-spacer-inner\"><\/div>\n\t\t<\/div>\n\t\t\t\t\t\t<\/div>\n\t\t\t\t<\/div>\n\t\t\t\t<div class=\"elementor-element elementor-element-42011df elementor-widget elementor-widget-ci_post_types\" data-id=\"42011df\" data-element_type=\"widget\" data-widget_type=\"ci_post_types.default\">\n\t\t\t\t<div class=\"elementor-widget-container\">\n\t\t\t\t\t<div class=\"ignition-elementor-widget-post-types \"><div class=\"row row-items row-columns-3\">\t\t\t\t<div class=\"rooms term-6 col-lg-4 col-sm-6 col-12\">\n<div id=\"entry-item-1428\" class=\"entry-item post-1428 ignition-accommodati type-ignition-accommodati status-publish has-post-thumbnail hentry ignition_accommodation_category-rooms\">\n\t\t\t<figure class=\"entry-item-thumb\">\n\t\t\t<a href=\"https:\/\/boutiquegimagi.com\/it\/alloggio\/camera-standard\/\">\n\t\t\t\t<img fetchpriority=\"high\" decoding=\"async\" width=\"615\" height=\"410\" src=\"https:\/\/boutiquegimagi.com\/wp-content\/uploads\/2025\/06\/residenza-luce-camera-10-standard_6-615x410.webp\" class=\"attachment-ignition_item size-ignition_item wp-post-image\" alt=\"\" srcset=\"https:\/\/boutiquegimagi.com\/wp-content\/uploads\/2025\/06\/residenza-luce-camera-10-standard_6-615x410.webp 615w, https:\/\/boutiquegimagi.com\/wp-content\/uploads\/2025\/06\/residenza-luce-camera-10-standard_6-300x200.webp 300w, https:\/\/boutiquegimagi.com\/wp-content\/uploads\/2025\/06\/residenza-luce-camera-10-standard_6-1024x683.webp 1024w, https:\/\/boutiquegimagi.com\/wp-content\/uploads\/2025\/06\/residenza-luce-camera-10-standard_6-768x512.webp 768w, https:\/\/boutiquegimagi.com\/wp-content\/uploads\/2025\/06\/residenza-luce-camera-10-standard_6-1536x1024.webp 1536w, https:\/\/boutiquegimagi.com\/wp-content\/uploads\/2025\/06\/residenza-luce-camera-10-standard_6-870x580.webp 870w, https:\/\/boutiquegimagi.com\/wp-content\/uploads\/2025\/06\/residenza-luce-camera-10-standard_6-1170x780.webp 1170w, https:\/\/boutiquegimagi.com\/wp-content\/uploads\/2025\/06\/residenza-luce-camera-10-standard_6.webp 1920w\" sizes=\"(max-width: 615px) 100vw, 615px\" \/>\t\t\t<\/a>\n\t\t<\/figure>\n\t\n\t<div class=\"entry-item-content\">\n\t\t<h2 class=\"entry-item-title\"><a href=\"https:\/\/boutiquegimagi.com\/it\/alloggio\/camera-standard\/\">Camera Standard<\/a><\/h2>\n\t\t\t\t\t<div class=\"entry-item-excerpt\">\n\t\t\t\t<p>Fino a 4 ospiti | Vista interna<\/p>\n\t\t\t<\/div>\n\t\t\n\t\t<a href=\"https:\/\/boutiquegimagi.com\/it\/alloggio\/camera-standard\/\" class=\"btn btn-entry-more\">\n\t\t\tApprofondisci\t\t<\/a>\n\t<\/div>\n<\/div>\n<\/div>\t\t\t\t<div class=\"rooms term-6 col-lg-4 col-sm-6 col-12\">\n<div id=\"entry-item-1436\" class=\"entry-item post-1436 ignition-accommodati type-ignition-accommodati status-publish has-post-thumbnail hentry ignition_accommodation_category-rooms\">\n\t\t\t<figure class=\"entry-item-thumb\">\n\t\t\t<a href=\"https:\/\/boutiquegimagi.com\/it\/alloggio\/camera-superior\/\">\n\t\t\t\t<img decoding=\"async\" width=\"615\" height=\"410\" src=\"https:\/\/boutiquegimagi.com\/wp-content\/uploads\/2025\/05\/residenza-luce-camera-9-superior_2-615x410.webp\" class=\"attachment-ignition_item size-ignition_item wp-post-image\" alt=\"\" srcset=\"https:\/\/boutiquegimagi.com\/wp-content\/uploads\/2025\/05\/residenza-luce-camera-9-superior_2-615x410.webp 615w, https:\/\/boutiquegimagi.com\/wp-content\/uploads\/2025\/05\/residenza-luce-camera-9-superior_2-300x200.webp 300w, https:\/\/boutiquegimagi.com\/wp-content\/uploads\/2025\/05\/residenza-luce-camera-9-superior_2-1024x683.webp 1024w, https:\/\/boutiquegimagi.com\/wp-content\/uploads\/2025\/05\/residenza-luce-camera-9-superior_2-768x512.webp 768w, https:\/\/boutiquegimagi.com\/wp-content\/uploads\/2025\/05\/residenza-luce-camera-9-superior_2-1536x1024.webp 1536w, https:\/\/boutiquegimagi.com\/wp-content\/uploads\/2025\/05\/residenza-luce-camera-9-superior_2-870x580.webp 870w, https:\/\/boutiquegimagi.com\/wp-content\/uploads\/2025\/05\/residenza-luce-camera-9-superior_2-1170x780.webp 1170w, https:\/\/boutiquegimagi.com\/wp-content\/uploads\/2025\/05\/residenza-luce-camera-9-superior_2.webp 1920w\" sizes=\"(max-width: 615px) 100vw, 615px\" \/>\t\t\t<\/a>\n\t\t<\/figure>\n\t\n\t<div class=\"entry-item-content\">\n\t\t<h2 class=\"entry-item-title\"><a href=\"https:\/\/boutiquegimagi.com\/it\/alloggio\/camera-superior\/\">Camera Superior<\/a><\/h2>\n\t\t\t\t\t<div class=\"entry-item-excerpt\">\n\t\t\t\t<p>Fino a 4 ospiti | Vista su Piazza Duomo<\/p>\n\t\t\t<\/div>\n\t\t\n\t\t<a href=\"https:\/\/boutiquegimagi.com\/it\/alloggio\/camera-superior\/\" class=\"btn btn-entry-more\">\n\t\t\tApprofondisci\t\t<\/a>\n\t<\/div>\n<\/div>\n<\/div>\t\t\t\t<div class=\"suites term-7 col-lg-4 col-sm-6 col-12\">\n<div id=\"entry-item-1440\" class=\"entry-item post-1440 ignition-accommodati type-ignition-accommodati status-publish has-post-thumbnail hentry ignition_accommodation_category-suites\">\n\t\t\t<figure class=\"entry-item-thumb\">\n\t\t\t<a href=\"https:\/\/boutiquegimagi.com\/it\/alloggio\/junior-suite\/\">\n\t\t\t\t<img decoding=\"async\" width=\"615\" height=\"410\" src=\"https:\/\/boutiquegimagi.com\/wp-content\/uploads\/2025\/05\/junior-suites-1lvl-6-615x410.jpg\" class=\"attachment-ignition_item size-ignition_item wp-post-image\" alt=\"\" srcset=\"https:\/\/boutiquegimagi.com\/wp-content\/uploads\/2025\/05\/junior-suites-1lvl-6-615x410.jpg 615w, https:\/\/boutiquegimagi.com\/wp-content\/uploads\/2025\/05\/junior-suites-1lvl-6-870x580.jpg 870w\" sizes=\"(max-width: 615px) 100vw, 615px\" \/>\t\t\t<\/a>\n\t\t<\/figure>\n\t\n\t<div class=\"entry-item-content\">\n\t\t<h2 class=\"entry-item-title\"><a href=\"https:\/\/boutiquegimagi.com\/it\/alloggio\/junior-suite\/\">Junior Suite<\/a><\/h2>\n\t\t\t\t\t<div class=\"entry-item-excerpt\">\n\t\t\t\t<p>Fino a 4 ospiti | Vista su Piazza Duomo<\/p>\n\t\t\t<\/div>\n\t\t\n\t\t<a href=\"https:\/\/boutiquegimagi.com\/it\/alloggio\/junior-suite\/\" class=\"btn btn-entry-more\">\n\t\t\tApprofondisci\t\t<\/a>\n\t<\/div>\n<\/div>\n<\/div><\/div><\/div>\t\t\t\t<\/div>\n\t\t\t\t<\/div>\n\t\t\t\t<div class=\"elementor-element elementor-element-82a20c0 elementor-widget elementor-widget-spacer\" data-id=\"82a20c0\" data-element_type=\"widget\" data-widget_type=\"spacer.default\">\n\t\t\t\t<div class=\"elementor-widget-container\">\n\t\t\t\t\t\t\t<div class=\"elementor-spacer\">\n\t\t\t<div class=\"elementor-spacer-inner\"><\/div>\n\t\t<\/div>\n\t\t\t\t\t\t<\/div>\n\t\t\t\t<\/div>\n\t\t\t\t<div class=\"elementor-element elementor-element-82c4e6d elementor-widget elementor-widget-spacer\" data-id=\"82c4e6d\" data-element_type=\"widget\" data-widget_type=\"spacer.default\">\n\t\t\t\t<div class=\"elementor-widget-container\">\n\t\t\t\t\t\t\t<div class=\"elementor-spacer\">\n\t\t\t<div class=\"elementor-spacer-inner\"><\/div>\n\t\t<\/div>\n\t\t\t\t\t\t<\/div>\n\t\t\t\t<\/div>\n\t\t\t\t<div class=\"elementor-element elementor-element-7d03d74 elementor-widget elementor-widget-spacer\" data-id=\"7d03d74\" data-element_type=\"widget\" data-widget_type=\"spacer.default\">\n\t\t\t\t<div class=\"elementor-widget-container\">\n\t\t\t\t\t\t\t<div class=\"elementor-spacer\">\n\t\t\t<div class=\"elementor-spacer-inner\"><\/div>\n\t\t<\/div>\n\t\t\t\t\t\t<\/div>\n\t\t\t\t<\/div>\n\t\t\t\t\t<\/div>\n\t\t<\/div>\n\t\t\t\t\t<\/div>\n\t\t<\/section>\n\t\t\t\t<\/div>\n\t\t","protected":false},"excerpt":{"rendered":"<p>Boutique Gimagi dispone di camere accoglienti e perfettamente arredate. Le suite sono pi\u00f9 spaziose e, oltre alla zona notte, offrono un comodo soggiorno. La colazione, servita sulla terrazza panoramica, \u00e8 inclusa nel prezzo della camera. [&hellip;]<\/p>\n","protected":false},"author":1,"featured_media":0,"parent":0,"menu_order":0,"comment_status":"closed","ping_status":"closed","template":"templates\/template-fullwidth-boxed.php","meta":{"footnotes":""},"class_list":["post-1404","page","type-page","status-publish","hentry"],"yoast_head":"<!-- This site is optimized with the Yoast SEO plugin v27.4 - https:\/\/yoast.com\/product\/yoast-seo-wordpress\/ -->\n<title>Camere &amp; Suites - Boutique Hotel Gimag\u00ec Amalfi<\/title>\n<meta name=\"robots\" content=\"index, follow, max-snippet:-1, max-image-preview:large, max-video-preview:-1\" \/>\n<link rel=\"canonical\" href=\"https:\/\/boutiquegimagi.com\/it\/camere-suites\/\" \/>\n<meta property=\"og:locale\" content=\"it_IT\" \/>\n<meta property=\"og:type\" content=\"article\" \/>\n<meta property=\"og:title\" content=\"Camere &amp; Suites - Boutique Hotel Gimag\u00ec Amalfi\" \/>\n<meta property=\"og:description\" content=\"Boutique Gimagi dispone di camere accoglienti e perfettamente arredate. Le suite sono pi\u00f9 spaziose e, oltre alla zona notte, offrono un comodo soggiorno. La colazione, servita sulla terrazza panoramica, \u00e8 inclusa nel prezzo della camera. [&hellip;]\" \/>\n<meta property=\"og:url\" content=\"https:\/\/boutiquegimagi.com\/it\/camere-suites\/\" \/>\n<meta property=\"og:site_name\" content=\"Boutique Hotel Gimag\u00ec Amalfi\" \/>\n<meta property=\"article:modified_time\" content=\"2025-06-10T09:32:43+00:00\" \/>\n<meta property=\"og:image\" content=\"https:\/\/boutiquegimagi.com\/wp-content\/uploads\/2025\/06\/residenza-luce-camera-10-standard_6-615x410.webp\" \/>\n<meta name=\"twitter:card\" content=\"summary_large_image\" \/>\n<script type=\"application\/ld+json\" class=\"yoast-schema-graph\">{\"@context\":\"https:\\\/\\\/schema.org\",\"@graph\":[{\"@type\":\"WebPage\",\"@id\":\"https:\\\/\\\/boutiquegimagi.com\\\/it\\\/camere-suites\\\/\",\"url\":\"https:\\\/\\\/boutiquegimagi.com\\\/it\\\/camere-suites\\\/\",\"name\":\"Camere &amp; Suites - Boutique Hotel Gimag\u00ec Amalfi\",\"isPartOf\":{\"@id\":\"https:\\\/\\\/boutiquegimagi.com\\\/it\\\/#website\"},\"primaryImageOfPage\":{\"@id\":\"https:\\\/\\\/boutiquegimagi.com\\\/it\\\/camere-suites\\\/#primaryimage\"},\"image\":{\"@id\":\"https:\\\/\\\/boutiquegimagi.com\\\/it\\\/camere-suites\\\/#primaryimage\"},\"thumbnailUrl\":\"https:\\\/\\\/boutiquegimagi.com\\\/wp-content\\\/uploads\\\/2025\\\/06\\\/residenza-luce-camera-10-standard_6-615x410.webp\",\"datePublished\":\"2023-04-11T11:01:18+00:00\",\"dateModified\":\"2025-06-10T09:32:43+00:00\",\"breadcrumb\":{\"@id\":\"https:\\\/\\\/boutiquegimagi.com\\\/it\\\/camere-suites\\\/#breadcrumb\"},\"inLanguage\":\"it-IT\",\"potentialAction\":[{\"@type\":\"ReadAction\",\"target\":[\"https:\\\/\\\/boutiquegimagi.com\\\/it\\\/camere-suites\\\/\"]}]},{\"@type\":\"ImageObject\",\"inLanguage\":\"it-IT\",\"@id\":\"https:\\\/\\\/boutiquegimagi.com\\\/it\\\/camere-suites\\\/#primaryimage\",\"url\":\"https:\\\/\\\/boutiquegimagi.com\\\/wp-content\\\/uploads\\\/2025\\\/06\\\/residenza-luce-camera-10-standard_6-615x410.webp\",\"contentUrl\":\"https:\\\/\\\/boutiquegimagi.com\\\/wp-content\\\/uploads\\\/2025\\\/06\\\/residenza-luce-camera-10-standard_6-615x410.webp\"},{\"@type\":\"BreadcrumbList\",\"@id\":\"https:\\\/\\\/boutiquegimagi.com\\\/it\\\/camere-suites\\\/#breadcrumb\",\"itemListElement\":[{\"@type\":\"ListItem\",\"position\":1,\"name\":\"Home\",\"item\":\"https:\\\/\\\/boutiquegimagi.com\\\/it\\\/home-en\\\/\"},{\"@type\":\"ListItem\",\"position\":2,\"name\":\"Camere &amp; Suites\"}]},{\"@type\":\"WebSite\",\"@id\":\"https:\\\/\\\/boutiquegimagi.com\\\/it\\\/#website\",\"url\":\"https:\\\/\\\/boutiquegimagi.com\\\/it\\\/\",\"name\":\"Boutique Hotel Gimag\u00ec Amalfi\",\"description\":\"\",\"publisher\":{\"@id\":\"https:\\\/\\\/boutiquegimagi.com\\\/it\\\/#organization\"},\"potentialAction\":[{\"@type\":\"SearchAction\",\"target\":{\"@type\":\"EntryPoint\",\"urlTemplate\":\"https:\\\/\\\/boutiquegimagi.com\\\/it\\\/?s={search_term_string}\"},\"query-input\":{\"@type\":\"PropertyValueSpecification\",\"valueRequired\":true,\"valueName\":\"search_term_string\"}}],\"inLanguage\":\"it-IT\"},{\"@type\":\"Organization\",\"@id\":\"https:\\\/\\\/boutiquegimagi.com\\\/it\\\/#organization\",\"name\":\"Boutique Hotel Gimag\u00ec Amalfi\",\"url\":\"https:\\\/\\\/boutiquegimagi.com\\\/it\\\/\",\"logo\":{\"@type\":\"ImageObject\",\"inLanguage\":\"it-IT\",\"@id\":\"https:\\\/\\\/boutiquegimagi.com\\\/it\\\/#\\\/schema\\\/logo\\\/image\\\/\",\"url\":\"https:\\\/\\\/boutiquegimagi.com\\\/wp-content\\\/uploads\\\/2025\\\/05\\\/boutique-gimagi-logo-web.webp\",\"contentUrl\":\"https:\\\/\\\/boutiquegimagi.com\\\/wp-content\\\/uploads\\\/2025\\\/05\\\/boutique-gimagi-logo-web.webp\",\"width\":680,\"height\":420,\"caption\":\"Boutique Hotel Gimag\u00ec Amalfi\"},\"image\":{\"@id\":\"https:\\\/\\\/boutiquegimagi.com\\\/it\\\/#\\\/schema\\\/logo\\\/image\\\/\"}}]}<\/script>\n<!-- \/ Yoast SEO plugin. -->","yoast_head_json":{"title":"Camere &amp; Suites - Boutique Hotel Gimag\u00ec Amalfi","robots":{"index":"index","follow":"follow","max-snippet":"max-snippet:-1","max-image-preview":"max-image-preview:large","max-video-preview":"max-video-preview:-1"},"canonical":"https:\/\/boutiquegimagi.com\/it\/camere-suites\/","og_locale":"it_IT","og_type":"article","og_title":"Camere &amp; Suites - Boutique Hotel Gimag\u00ec Amalfi","og_description":"Boutique Gimagi dispone di camere accoglienti e perfettamente arredate. Le suite sono pi\u00f9 spaziose e, oltre alla zona notte, offrono un comodo soggiorno. La colazione, servita sulla terrazza panoramica, \u00e8 inclusa nel prezzo della camera. [&hellip;]","og_url":"https:\/\/boutiquegimagi.com\/it\/camere-suites\/","og_site_name":"Boutique Hotel Gimag\u00ec Amalfi","article_modified_time":"2025-06-10T09:32:43+00:00","og_image":[{"url":"https:\/\/boutiquegimagi.com\/wp-content\/uploads\/2025\/06\/residenza-luce-camera-10-standard_6-615x410.webp","type":"","width":"","height":""}],"twitter_card":"summary_large_image","schema":{"@context":"https:\/\/schema.org","@graph":[{"@type":"WebPage","@id":"https:\/\/boutiquegimagi.com\/it\/camere-suites\/","url":"https:\/\/boutiquegimagi.com\/it\/camere-suites\/","name":"Camere &amp; Suites - Boutique Hotel Gimag\u00ec Amalfi","isPartOf":{"@id":"https:\/\/boutiquegimagi.com\/it\/#website"},"primaryImageOfPage":{"@id":"https:\/\/boutiquegimagi.com\/it\/camere-suites\/#primaryimage"},"image":{"@id":"https:\/\/boutiquegimagi.com\/it\/camere-suites\/#primaryimage"},"thumbnailUrl":"https:\/\/boutiquegimagi.com\/wp-content\/uploads\/2025\/06\/residenza-luce-camera-10-standard_6-615x410.webp","datePublished":"2023-04-11T11:01:18+00:00","dateModified":"2025-06-10T09:32:43+00:00","breadcrumb":{"@id":"https:\/\/boutiquegimagi.com\/it\/camere-suites\/#breadcrumb"},"inLanguage":"it-IT","potentialAction":[{"@type":"ReadAction","target":["https:\/\/boutiquegimagi.com\/it\/camere-suites\/"]}]},{"@type":"ImageObject","inLanguage":"it-IT","@id":"https:\/\/boutiquegimagi.com\/it\/camere-suites\/#primaryimage","url":"https:\/\/boutiquegimagi.com\/wp-content\/uploads\/2025\/06\/residenza-luce-camera-10-standard_6-615x410.webp","contentUrl":"https:\/\/boutiquegimagi.com\/wp-content\/uploads\/2025\/06\/residenza-luce-camera-10-standard_6-615x410.webp"},{"@type":"BreadcrumbList","@id":"https:\/\/boutiquegimagi.com\/it\/camere-suites\/#breadcrumb","itemListElement":[{"@type":"ListItem","position":1,"name":"Home","item":"https:\/\/boutiquegimagi.com\/it\/home-en\/"},{"@type":"ListItem","position":2,"name":"Camere &amp; Suites"}]},{"@type":"WebSite","@id":"https:\/\/boutiquegimagi.com\/it\/#website","url":"https:\/\/boutiquegimagi.com\/it\/","name":"Boutique Hotel Gimag\u00ec Amalfi","description":"","publisher":{"@id":"https:\/\/boutiquegimagi.com\/it\/#organization"},"potentialAction":[{"@type":"SearchAction","target":{"@type":"EntryPoint","urlTemplate":"https:\/\/boutiquegimagi.com\/it\/?s={search_term_string}"},"query-input":{"@type":"PropertyValueSpecification","valueRequired":true,"valueName":"search_term_string"}}],"inLanguage":"it-IT"},{"@type":"Organization","@id":"https:\/\/boutiquegimagi.com\/it\/#organization","name":"Boutique Hotel Gimag\u00ec Amalfi","url":"https:\/\/boutiquegimagi.com\/it\/","logo":{"@type":"ImageObject","inLanguage":"it-IT","@id":"https:\/\/boutiquegimagi.com\/it\/#\/schema\/logo\/image\/","url":"https:\/\/boutiquegimagi.com\/wp-content\/uploads\/2025\/05\/boutique-gimagi-logo-web.webp","contentUrl":"https:\/\/boutiquegimagi.com\/wp-content\/uploads\/2025\/05\/boutique-gimagi-logo-web.webp","width":680,"height":420,"caption":"Boutique Hotel Gimag\u00ec Amalfi"},"image":{"@id":"https:\/\/boutiquegimagi.com\/it\/#\/schema\/logo\/image\/"}}]}},"_links":{"self":[{"href":"https:\/\/boutiquegimagi.com\/it\/wp-json\/wp\/v2\/pages\/1404","targetHints":{"allow":["GET"]}}],"collection":[{"href":"https:\/\/boutiquegimagi.com\/it\/wp-json\/wp\/v2\/pages"}],"about":[{"href":"https:\/\/boutiquegimagi.com\/it\/wp-json\/wp\/v2\/types\/page"}],"author":[{"embeddable":true,"href":"https:\/\/boutiquegimagi.com\/it\/wp-json\/wp\/v2\/users\/1"}],"replies":[{"embeddable":true,"href":"https:\/\/boutiquegimagi.com\/it\/wp-json\/wp\/v2\/comments?post=1404"}],"version-history":[{"count":5,"href":"https:\/\/boutiquegimagi.com\/it\/wp-json\/wp\/v2\/pages\/1404\/revisions"}],"predecessor-version":[{"id":1443,"href":"https:\/\/boutiquegimagi.com\/it\/wp-json\/wp\/v2\/pages\/1404\/revisions\/1443"}],"wp:attachment":[{"href":"https:\/\/boutiquegimagi.com\/it\/wp-json\/wp\/v2\/media?parent=1404"}],"curies":[{"name":"wp","href":"https:\/\/api.w.org\/{rel}","templated":true}]}}